{"id":463,"date":"2023-10-23T09:49:00","date_gmt":"2023-10-23T12:49:00","guid":{"rendered":"https:\/\/bettbrasil.agenciafreela.dev\/?page_id=463"},"modified":"2024-02-22T03:18:49","modified_gmt":"2024-02-22T06:18:49","slug":"visitacao-gratuita","status":"publish","type":"page","link":"https:\/\/bettbrasil.com.br\/2024\/visitacao-gratuita\/","title":{"rendered":"Visita\u00e7\u00e3o gratuita"},"content":{"rendered":"\t<section class=\"section\" id=\"section_123990188\">\n\t\t<div class=\"bg section-bg fill bg-fill  bg-loaded\" >\n\n\t\t\t\n\t\t\t\n\t\t\t\n\n\t\t<\/div>\n\n\t\t\n\n\t\t<div class=\"section-content relative\">\n\t\t\t\n<div class=\"row row-collapse row-full-width align-center\"  id=\"row-1161519522\">\n\n\t<div id=\"col-756494615\" class=\"col small-12 large-12\"  >\n\t\t\t\t<div class=\"col-inner\"  >\n\t\t\t\n\t\t\t\n\n<p style=\"margin-bottom:0;line-height: 0;\"><video loop width=\"100%\" height=\"100%\" autoplay=\"autoplay\" muted><source src=\"\/2024\/wp-content\/uploads\/2023\/10\/231014_BETT_BANNER_HOME-1.mp4\" type=\"video\/mp4\"><\/video><\/p>\n\n\t\t<\/div>\n\t\t\t\t\t<\/div>\n\n\t\n\n\t<div id=\"col-709146915\" class=\"col col-negativo medium-6 small-12 large-6\"  >\n\t\t\t\t<div class=\"col-inner text-center\" style=\"background-color:rgba(0, 0, 0, 0.436);\" >\n\t\t\t\n\t\t\t\n\t<div id=\"text-1385743829\" class=\"text\">\n\t\t\n<h2>Cada participante da Bett Brasil \u00e9 um agente de transforma\u00e7\u00e3o da educa\u00e7\u00e3o. <\/h2>\n\t\t\n<style>\n#text-1385743829 {\n  font-size: 0.9rem;\n  text-align: center;\n  color: rgb(255,255,255);\n}\n#text-1385743829 > * {\n  color: rgb(255,255,255);\n}\n@media (min-width:550px) {\n  #text-1385743829 {\n    font-size: 1.1rem;\n  }\n}\n@media (min-width:850px) {\n  #text-1385743829 {\n    font-size: 1.6rem;\n  }\n}\n<\/style>\n\t<\/div>\n\t\n\t<div id=\"text-2127403057\" class=\"text\">\n\t\t\n<p><a href=\"https:\/\/eventos.tmp.br\/bettbrasil2024\/shared\/tracking.php?cod=VISP&#038;tipo=visitantes\" class=\"botao-sombra-roxa\">Fa\u00e7a parte!<\/a><\/p>\n\t\t\n<style>\n#text-2127403057 {\n  font-size: 0.75rem;\n  text-align: center;\n}\n@media (min-width:550px) {\n  #text-2127403057 {\n    font-size: 1.45rem;\n  }\n}\n<\/style>\n\t<\/div>\n\t\n\t\t<\/div>\n\t\t\t\t\n<style>\n#col-709146915 > .col-inner {\n  padding: 20px 20px 20px 20px;\n  margin: -154px 0px 0px 0px;\n}\n@media (min-width:550px) {\n  #col-709146915 > .col-inner {\n    margin: -306px 0px 0px 0px;\n  }\n}\n<\/style>\n\t<\/div>\n\n\t\n<\/div>\n\t\t<\/div>\n\n\t\t\n<style>\n#section_123990188 {\n  padding-top: 0px;\n  padding-bottom: 0px;\n}\n#section_123990188 .ux-shape-divider--top svg {\n  height: 150px;\n  --divider-top-width: 100%;\n}\n#section_123990188 .ux-shape-divider--bottom svg {\n  height: 150px;\n  --divider-width: 100%;\n}\n<\/style>\n\t<\/section>\n\t\n\t<section class=\"section\" id=\"section_1672211836\">\n\t\t<div class=\"bg section-bg fill bg-fill  bg-loaded\" >\n\n\t\t\t\n\t\t\t\n\t\t\t\n\n\t\t<\/div>\n\n\t\t\n\n\t\t<div class=\"section-content relative\">\n\t\t\t\n<div class=\"row\"  id=\"row-1107727390\">\n\n\t<div id=\"col-1308167498\" class=\"col small-12 large-12\"  >\n\t\t\t\t<div class=\"col-inner text-center\"  >\n\t\t\t\n\t\t\t\n\t<div id=\"text-3870469761\" class=\"text\">\n\t\t\n<h2>Veja o que voc\u00ea tem acesso de forma gratuita<\/h2>\n\t\t\n<style>\n#text-3870469761 {\n  font-size: 1.7rem;\n  color: #001745;\n}\n#text-3870469761 > * {\n  color: #001745;\n}\n<\/style>\n\t<\/div>\n\t\n\t\t<\/div>\n\t\t\t\t\t<\/div>\n\n\t\n<\/div>\n<div class=\"slider-wrapper relative\" id=\"slider-574092785\" >\n    <div class=\"slider slider-nav-circle slider-nav-large slider-nav-dark slider-style-focus slider-show-nav\"\n        data-flickity-options='{\n            \"cellAlign\": \"center\",\n            \"imagesLoaded\": true,\n            \"lazyLoad\": 1,\n            \"freeScroll\": false,\n            \"wrapAround\": true,\n            \"autoPlay\": 6000,\n            \"pauseAutoPlayOnHover\" : true,\n            \"prevNextButtons\": true,\n            \"contain\" : true,\n            \"adaptiveHeight\" : true,\n            \"dragThreshold\" : 10,\n            \"percentPosition\": true,\n            \"pageDots\": false,\n            \"rightToLeft\": false,\n            \"draggable\": true,\n            \"selectedAttraction\": 0.1,\n            \"parallax\" : 0,\n            \"friction\": 0.6        }'\n        >\n        \n<div class=\"row\"  id=\"row-1935503065\">\n\n\t<div id=\"col-1515107134\" class=\"col medium-6 small-12 large-6\"  >\n\t\t\t\t<div class=\"col-inner text-center\"  >\n\t\t\t\n\t\t\t\n\t<div class=\"img has-hover sombra-azul x md-x lg-x y md-y lg-y\" id=\"image_1125134174\">\n\t\t\t\t\t\t\t\t<div class=\"img-inner image-cover dark\" style=\"padding-top:285px;\">\n\t\t\t<img loading=\"lazy\" decoding=\"async\" width=\"1000\" height=\"667\" src=\"https:\/\/bettbrasil.com.br\/2024\/wp-content\/uploads\/2023\/10\/sessao.jpg\" class=\"attachment-large size-large\" alt=\"\" srcset=\"https:\/\/bettbrasil.com.br\/2024\/wp-content\/uploads\/2023\/10\/sessao.jpg 1000w, https:\/\/bettbrasil.com.br\/2024\/wp-content\/uploads\/2023\/10\/sessao-300x200.jpg 300w, https:\/\/bettbrasil.com.br\/2024\/wp-content\/uploads\/2023\/10\/sessao-768x512.jpg 768w\" sizes=\"auto, (max-width: 1000px) 100vw, 1000px\" \/>\t\t\t\t\t\t\n\t\t\t\t\t<\/div>\n\t\t\t\t\t\t\t\t\n<style>\n#image_1125134174 {\n  width: 100%;\n}\n<\/style>\n\t<\/div>\n\t\n\t<div id=\"text-3642834624\" class=\"text\">\n\t\t\n<h4>Sess\u00e3o de aut\u00f3grafos<\/h4>\n\t\t\n<style>\n#text-3642834624 {\n  font-size: 1.5rem;\n  color: #ff3b80;\n}\n#text-3642834624 > * {\n  color: #ff3b80;\n}\n@media (min-width:550px) {\n  #text-3642834624 {\n    font-size: 1.55rem;\n  }\n}\n<\/style>\n\t<\/div>\n\t\n\t<div id=\"text-595606230\" class=\"text\">\n\t\t\n<p>Oportunidade para conhecer de perto autores de obras liter\u00e1rias e ainda adquirir um exemplo autografado durante o evento.<br \/>\n\u200b<\/p>\n\t\t\n<style>\n#text-595606230 {\n  color: rgb(0,0,0);\n}\n#text-595606230 > * {\n  color: rgb(0,0,0);\n}\n<\/style>\n\t<\/div>\n\t\n\t\t<\/div>\n\t\t\t\t\t<\/div>\n\n\t\n\n\t<div id=\"col-1248112084\" class=\"col medium-6 small-12 large-6\"  >\n\t\t\t\t<div class=\"col-inner text-center\"  >\n\t\t\t\n\t\t\t\n\t<div class=\"img has-hover sombra-azul x md-x lg-x y md-y lg-y\" id=\"image_1180577023\">\n\t\t\t\t\t\t\t\t<div class=\"img-inner image-cover dark\" style=\"padding-top:285px;\">\n\t\t\t<img loading=\"lazy\" decoding=\"async\" width=\"1000\" height=\"666\" src=\"https:\/\/bettbrasil.com.br\/2024\/wp-content\/uploads\/2023\/10\/bettlab22.jpg\" class=\"attachment-large size-large\" alt=\"\" srcset=\"https:\/\/bettbrasil.com.br\/2024\/wp-content\/uploads\/2023\/10\/bettlab22.jpg 1000w, https:\/\/bettbrasil.com.br\/2024\/wp-content\/uploads\/2023\/10\/bettlab22-300x200.jpg 300w, https:\/\/bettbrasil.com.br\/2024\/wp-content\/uploads\/2023\/10\/bettlab22-768x511.jpg 768w\" sizes=\"auto, (max-width: 1000px) 100vw, 1000px\" \/>\t\t\t\t\t\t\n\t\t\t\t\t<\/div>\n\t\t\t\t\t\t\t\t\n<style>\n#image_1180577023 {\n  width: 100%;\n}\n<\/style>\n\t<\/div>\n\t\n\t<div id=\"text-615068732\" class=\"text\">\n\t\t\n<h4>BettLab<\/h4>\n\t\t\n<style>\n#text-615068732 {\n  font-size: 1.5rem;\n  color: #ff3b80;\n}\n#text-615068732 > * {\n  color: #ff3b80;\n}\n@media (min-width:550px) {\n  #text-615068732 {\n    font-size: 1.55rem;\n  }\n}\n<\/style>\n\t<\/div>\n\t\n\t<div id=\"text-3909797123\" class=\"text\">\n\t\t\n<p>Laborat\u00f3rio de escuta e solu\u00e7\u00f5es para institui\u00e7\u00f5es de ensino. A iniciativa proporciona um tempo reservado de mentoria entre gestores e l\u00edderes educacionais com provedores de solu\u00e7\u00f5es educacionais.<br \/>\n\u200b<\/p>\n\t\t\n<style>\n#text-3909797123 {\n  color: rgb(0,0,0);\n}\n#text-3909797123 > * {\n  color: rgb(0,0,0);\n}\n<\/style>\n\t<\/div>\n\t\n\t\t<\/div>\n\t\t\t\t\t<\/div>\n\n\t\n<\/div>\n<div class=\"row\"  id=\"row-1711532799\">\n\n\t<div id=\"col-807632221\" class=\"col medium-6 small-12 large-6\"  >\n\t\t\t\t<div class=\"col-inner text-center\"  >\n\t\t\t\n\t\t\t\n\t<div class=\"img has-hover sombra-azul x md-x lg-x y md-y lg-y\" id=\"image_1136924943\">\n\t\t\t\t\t\t\t\t<div class=\"img-inner image-cover dark\" style=\"padding-top:285px;\">\n\t\t\t<img loading=\"lazy\" decoding=\"async\" width=\"949\" height=\"532\" src=\"https:\/\/bettbrasil.com.br\/2024\/wp-content\/uploads\/2023\/11\/terceiro-setor.jpg\" class=\"attachment-large size-large\" alt=\"\" srcset=\"https:\/\/bettbrasil.com.br\/2024\/wp-content\/uploads\/2023\/11\/terceiro-setor.jpg 949w, https:\/\/bettbrasil.com.br\/2024\/wp-content\/uploads\/2023\/11\/terceiro-setor-300x168.jpg 300w, https:\/\/bettbrasil.com.br\/2024\/wp-content\/uploads\/2023\/11\/terceiro-setor-768x431.jpg 768w\" sizes=\"auto, (max-width: 949px) 100vw, 949px\" \/>\t\t\t\t\t\t\n\t\t\t\t\t<\/div>\n\t\t\t\t\t\t\t\t\n<style>\n#image_1136924943 {\n  width: 100%;\n}\n<\/style>\n\t<\/div>\n\t\n\t<div id=\"text-2389557942\" class=\"text\">\n\t\t\n<h4>Espa\u00e7o terceiro setor<\/h4>\n\t\t\n<style>\n#text-2389557942 {\n  font-size: 1.5rem;\n  color: #ff3b80;\n}\n#text-2389557942 > * {\n  color: #ff3b80;\n}\n@media (min-width:550px) {\n  #text-2389557942 {\n    font-size: 1.55rem;\n  }\n}\n<\/style>\n\t<\/div>\n\t\n\t<div id=\"text-3459530272\" class=\"text\">\n\t\t\n<p>Espa\u00e7o dedicado a conversas e debates sobre a educa\u00e7\u00e3o p\u00fablica brasileira.<br \/>\n\u200b<\/p>\n\t\t\n<style>\n#text-3459530272 {\n  color: rgb(0,0,0);\n}\n#text-3459530272 > * {\n  color: rgb(0,0,0);\n}\n<\/style>\n\t<\/div>\n\t\n\t\t<\/div>\n\t\t\t\t\t<\/div>\n\n\t\n\n\t<div id=\"col-942247537\" class=\"col medium-6 small-12 large-6\"  >\n\t\t\t\t<div class=\"col-inner text-center\"  >\n\t\t\t\n\t\t\t\n\t<div class=\"img has-hover sombra-azul x md-x lg-x y md-y lg-y\" id=\"image_1980231147\">\n\t\t\t\t\t\t\t\t<div class=\"img-inner image-cover dark\" style=\"padding-top:285px;\">\n\t\t\t<img loading=\"lazy\" decoding=\"async\" width=\"1000\" height=\"666\" src=\"https:\/\/bettbrasil.com.br\/2024\/wp-content\/uploads\/2023\/10\/area.jpg\" class=\"attachment-large size-large\" alt=\"\" srcset=\"https:\/\/bettbrasil.com.br\/2024\/wp-content\/uploads\/2023\/10\/area.jpg 1000w, https:\/\/bettbrasil.com.br\/2024\/wp-content\/uploads\/2023\/10\/area-300x200.jpg 300w, https:\/\/bettbrasil.com.br\/2024\/wp-content\/uploads\/2023\/10\/area-768x511.jpg 768w\" sizes=\"auto, (max-width: 1000px) 100vw, 1000px\" \/>\t\t\t\t\t\t\n\t\t\t\t\t<\/div>\n\t\t\t\t\t\t\t\t\n<style>\n#image_1980231147 {\n  width: 100%;\n}\n<\/style>\n\t<\/div>\n\t\n\t<div id=\"text-1455269222\" class=\"text\">\n\t\t\n<h4>\u00c1rea Startup<\/h4>\n\t\t\n<style>\n#text-1455269222 {\n  font-size: 1.5rem;\n  color: #ff3b80;\n}\n#text-1455269222 > * {\n  color: #ff3b80;\n}\n@media (min-width:550px) {\n  #text-1455269222 {\n    font-size: 1.55rem;\n  }\n}\n<\/style>\n\t<\/div>\n\t\n\t<div id=\"text-1340092733\" class=\"text\">\n\t\t\n<p>\u00c1rea de exposi\u00e7\u00e3o com edtechs do setor e o famoso audit\u00f3rio Arena Startup com programa\u00e7\u00e3o durante os 4 dias.<\/p>\n\t\t\n<style>\n#text-1340092733 {\n  color: rgb(0,0,0);\n}\n#text-1340092733 > * {\n  color: rgb(0,0,0);\n}\n<\/style>\n\t<\/div>\n\t\n\t\t<\/div>\n\t\t\t\t\t<\/div>\n\n\t\n<\/div>\n<div class=\"row align-center\"  id=\"row-1504762589\">\n\n\t<div id=\"col-170443756\" class=\"col medium-6 small-12 large-6\"  >\n\t\t\t\t<div class=\"col-inner text-center\"  >\n\t\t\t\n\t\t\t\n\t<div class=\"img has-hover sombra-azul x md-x lg-x y md-y lg-y\" id=\"image_3497653\">\n\t\t\t\t\t\t\t\t<div class=\"img-inner image-cover dark\" style=\"padding-top:285px;\">\n\t\t\t<img loading=\"lazy\" decoding=\"async\" width=\"1000\" height=\"666\" src=\"https:\/\/bettbrasil.com.br\/2024\/wp-content\/uploads\/2023\/10\/bonecta.jpg\" class=\"attachment-large size-large\" alt=\"\" srcset=\"https:\/\/bettbrasil.com.br\/2024\/wp-content\/uploads\/2023\/10\/bonecta.jpg 1000w, https:\/\/bettbrasil.com.br\/2024\/wp-content\/uploads\/2023\/10\/bonecta-300x200.jpg 300w, https:\/\/bettbrasil.com.br\/2024\/wp-content\/uploads\/2023\/10\/bonecta-768x511.jpg 768w\" sizes=\"auto, (max-width: 1000px) 100vw, 1000px\" \/>\t\t\t\t\t\t\n\t\t\t\t\t<\/div>\n\t\t\t\t\t\t\t\t\n<style>\n#image_3497653 {\n  width: 100%;\n}\n<\/style>\n\t<\/div>\n\t\n\t<div id=\"text-2984441080\" class=\"text\">\n\t\t\n<h4>Bett Conecta<\/h4>\n\t\t\n<style>\n#text-2984441080 {\n  font-size: 1.5rem;\n  color: #ff3b80;\n}\n#text-2984441080 > * {\n  color: #ff3b80;\n}\n@media (min-width:550px) {\n  #text-2984441080 {\n    font-size: 2.45rem;\n  }\n}\n<\/style>\n\t<\/div>\n\t\n\t<div id=\"text-3723465572\" class=\"text\">\n\t\t\n<p>Uma rodada de relacionamento para conectar institui\u00e7\u00f5es de ensino de educa\u00e7\u00e3o b\u00e1sica, superior, profissional e l\u00edderes governamentais com provedores de solu\u00e7\u00f5es educacionais. Durante os 3 primeiros dias da Bett Brasil 2024 com um espa\u00e7o exclusivo para reuni\u00f5es, o Conecta tem um papel importante no futuro da educa\u00e7\u00e3o.<\/p>\n\t\t\n<style>\n#text-3723465572 {\n  color: rgb(0,0,0);\n}\n#text-3723465572 > * {\n  color: rgb(0,0,0);\n}\n<\/style>\n\t<\/div>\n\t\n\t\t<\/div>\n\t\t\t\t\t<\/div>\n\n\t\n\n\t<div id=\"col-1970436358\" class=\"col medium-6 small-12 large-6\"  >\n\t\t\t\t<div class=\"col-inner text-center\"  >\n\t\t\t\n\t\t\t\n\t<div class=\"img has-hover sombra-azul x md-x lg-x y md-y lg-y\" id=\"image_933891129\">\n\t\t\t\t\t\t\t\t<div class=\"img-inner image-cover dark\" style=\"padding-top:285px;\">\n\t\t\t<img loading=\"lazy\" decoding=\"async\" width=\"1020\" height=\"678\" src=\"https:\/\/bettbrasil.com.br\/2024\/wp-content\/uploads\/2023\/11\/visitacao2313213-1024x681.jpg\" class=\"attachment-large size-large\" alt=\"\" srcset=\"https:\/\/bettbrasil.com.br\/2024\/wp-content\/uploads\/2023\/11\/visitacao2313213-1024x681.jpg 1024w, https:\/\/bettbrasil.com.br\/2024\/wp-content\/uploads\/2023\/11\/visitacao2313213-300x200.jpg 300w, https:\/\/bettbrasil.com.br\/2024\/wp-content\/uploads\/2023\/11\/visitacao2313213-768x511.jpg 768w, https:\/\/bettbrasil.com.br\/2024\/wp-content\/uploads\/2023\/11\/visitacao2313213.jpg 1210w\" sizes=\"auto, (max-width: 1020px) 100vw, 1020px\" \/>\t\t\t\t\t\t\n\t\t\t\t\t<\/div>\n\t\t\t\t\t\t\t\t\n<style>\n#image_933891129 {\n  width: 100%;\n}\n<\/style>\n\t<\/div>\n\t\n\t<div id=\"text-3452894151\" class=\"text\">\n\t\t\n<h4>\u00c1rea de exposi\u00e7\u00e3o<\/h4>\n\t\t\n<style>\n#text-3452894151 {\n  font-size: 1.5rem;\n  color: #ff3b80;\n}\n#text-3452894151 > * {\n  color: #ff3b80;\n}\n@media (min-width:550px) {\n  #text-3452894151 {\n    font-size: 2.45rem;\n  }\n}\n<\/style>\n\t<\/div>\n\t\n\t<div id=\"text-2049471325\" class=\"text\">\n\t\t\n<p>Acesso \u00e0 mais de 300 marcas expositoras com lan\u00e7amentos em inova\u00e7\u00f5es e servi\u00e7os em primeira m\u00e3o.<\/p>\n\t\t\n<style>\n#text-2049471325 {\n  color: rgb(0,0,0);\n}\n#text-2049471325 > * {\n  color: rgb(0,0,0);\n}\n<\/style>\n\t<\/div>\n\t\n\t\t<\/div>\n\t\t\t\t\t<\/div>\n\n\t\n<\/div>\n<div class=\"row align-center\"  id=\"row-382730511\">\n\n\t<div id=\"col-822546811\" class=\"col medium-6 small-12 large-6\"  >\n\t\t\t\t<div class=\"col-inner text-center\"  >\n\t\t\t\n\t\t\t\n\t<div class=\"img has-hover sombra-azul x md-x lg-x y md-y lg-y\" id=\"image_1302712658\">\n\t\t\t\t\t\t\t\t<div class=\"img-inner image-cover dark\" style=\"padding-top:285px;\">\n\t\t\t<img loading=\"lazy\" decoding=\"async\" width=\"818\" height=\"484\" src=\"https:\/\/bettbrasil.com.br\/2024\/wp-content\/uploads\/2023\/11\/premiokkad.jpg\" class=\"attachment-large size-large\" alt=\"\" srcset=\"https:\/\/bettbrasil.com.br\/2024\/wp-content\/uploads\/2023\/11\/premiokkad.jpg 818w, https:\/\/bettbrasil.com.br\/2024\/wp-content\/uploads\/2023\/11\/premiokkad-300x178.jpg 300w, https:\/\/bettbrasil.com.br\/2024\/wp-content\/uploads\/2023\/11\/premiokkad-768x454.jpg 768w\" sizes=\"auto, (max-width: 818px) 100vw, 818px\" \/>\t\t\t\t\t\t\n\t\t\t\t\t<\/div>\n\t\t\t\t\t\t\t\t\n<style>\n#image_1302712658 {\n  width: 100%;\n}\n<\/style>\n\t<\/div>\n\t\n\t<div id=\"text-2347601188\" class=\"text\">\n\t\t\n<h4>Palestras gratuitas<\/h4>\n\t\t\n<style>\n#text-2347601188 {\n  font-size: 1.5rem;\n  color: #ff3b80;\n}\n#text-2347601188 > * {\n  color: #ff3b80;\n}\n@media (min-width:550px) {\n  #text-2347601188 {\n    font-size: 2.45rem;\n  }\n}\n<\/style>\n\t<\/div>\n\t\n\t<div id=\"text-2895697038\" class=\"text\">\n\t\t\n<p>Acesso a uma programa\u00e7\u00e3o de palestras gratuitas, inclusive a entrega do pr\u00eamio Educador Transformador em parceria com o Sebrae e Instituto Significare. <\/p>\n\t\t\n<style>\n#text-2895697038 {\n  color: rgb(0,0,0);\n}\n#text-2895697038 > * {\n  color: rgb(0,0,0);\n}\n<\/style>\n\t<\/div>\n\t\n\t\t<\/div>\n\t\t\t\t\t<\/div>\n\n\t\n<\/div>\n     <\/div>\n\n     <div class=\"loading-spin dark large centered\"><\/div>\n\n     \t<\/div>\n\n\n\t\t<\/div>\n\n\t\t\n<style>\n#section_1672211836 {\n  padding-top: 82px;\n  padding-bottom: 82px;\n}\n#section_1672211836 .ux-shape-divider--top svg {\n  height: 150px;\n  --divider-top-width: 100%;\n}\n#section_1672211836 .ux-shape-divider--bottom svg {\n  height: 150px;\n  --divider-width: 100%;\n}\n<\/style>\n\t<\/section>\n\t\n\t<section class=\"section has-parallax\" id=\"section_203394562\">\n\t\t<div class=\"bg section-bg fill bg-fill  \" data-parallax-container=\".section\" data-parallax-background data-parallax=\"-10\">\n\n\t\t\t\n\t\t\t<div class=\"section-bg-overlay absolute fill\"><\/div>\n\t\t\t\n\n\t\t<\/div>\n\n\t\t\n\n\t\t<div class=\"section-content relative\">\n\t\t\t\n<div class=\"row\"  id=\"row-1418607910\">\n\n\t<div id=\"col-933510166\" class=\"col small-12 large-12\"  >\n\t\t\t\t<div class=\"col-inner\"  >\n\t\t\t\n\t\t\t\n\t<div id=\"gap-2012542769\" class=\"gap-element clearfix\" style=\"display:block; height:auto;\">\n\t\t\n<style>\n#gap-2012542769 {\n  padding-top: 31px;\n}\n<\/style>\n\t<\/div>\n\t\n\t<div id=\"text-2446247097\" class=\"text\">\n\t\t\n<p style=\"margin-bottom: 0;\"><a class=\"botao-sombra-azul\" href=\"#inscricao\">Acesso gratuito<strong> todos os dias<\/strong><\/a><\/p>\n\t\t\n<style>\n#text-2446247097 {\n  font-size: 1.2rem;\n  text-align: center;\n}\n@media (min-width:550px) {\n  #text-2446247097 {\n    font-size: 3.1rem;\n  }\n}\n<\/style>\n\t<\/div>\n\t\n\t<div id=\"gap-1837308646\" class=\"gap-element clearfix\" style=\"display:block; height:auto;\">\n\t\t\n<style>\n#gap-1837308646 {\n  padding-top: 30px;\n}\n<\/style>\n\t<\/div>\n\t\n\t<div id=\"text-2388789390\" class=\"text\">\n\t\t\n<p style=\"margin-bottom:0;\"><a class=\"botao-sombra-roxa\" href=\"https:\/\/eventos.tmp.br\/bettbrasil2024\/shared\/tracking.php?cod=VISP&#038;tipo=visitantes\">Fa\u00e7a sua inscri\u00e7\u00e3o<\/a><\/p>\n\t\t\n<style>\n#text-2388789390 {\n  font-size: 0.85rem;\n  text-align: center;\n}\n@media (min-width:550px) {\n  #text-2388789390 {\n    font-size: 1.6rem;\n  }\n}\n<\/style>\n\t<\/div>\n\t\n\t\t<\/div>\n\t\t\t\t\t<\/div>\n\n\t\n<\/div>\n\t\t<\/div>\n\n\t\t\n<style>\n#section_203394562 {\n  padding-top: 30px;\n  padding-bottom: 30px;\n}\n#section_203394562 .section-bg-overlay {\n  background-color: rgba(0, 23, 69, 0.808);\n}\n#section_203394562 .section-bg.bg-loaded {\n  background-image: url(https:\/\/bettbrasil.com.br\/2024\/wp-content\/uploads\/2023\/10\/Congresso-7271_mascara-scaled.webp);\n}\n#section_203394562 .ux-shape-divider--top svg {\n  height: 150px;\n  --divider-top-width: 100%;\n}\n#section_203394562 .ux-shape-divider--bottom svg {\n  height: 150px;\n  --divider-width: 100%;\n}\n<\/style>\n\t<\/section>\n\t\n\n","protected":false},"excerpt":{"rendered":"","protected":false},"author":4,"featured_media":0,"parent":0,"menu_order":0,"comment_status":"closed","ping_status":"closed","template":"page-blank.php","meta":{"footnotes":""},"class_list":["post-463","page","type-page","status-publish","hentry"],"_links":{"self":[{"href":"https:\/\/bettbrasil.com.br\/2024\/wp-json\/wp\/v2\/pages\/463","targetHints":{"allow":["GET"]}}],"collection":[{"href":"https:\/\/bettbrasil.com.br\/2024\/wp-json\/wp\/v2\/pages"}],"about":[{"href":"https:\/\/bettbrasil.com.br\/2024\/wp-json\/wp\/v2\/types\/page"}],"author":[{"embeddable":true,"href":"https:\/\/bettbrasil.com.br\/2024\/wp-json\/wp\/v2\/users\/4"}],"replies":[{"embeddable":true,"href":"https:\/\/bettbrasil.com.br\/2024\/wp-json\/wp\/v2\/comments?post=463"}],"version-history":[{"count":69,"href":"https:\/\/bettbrasil.com.br\/2024\/wp-json\/wp\/v2\/pages\/463\/revisions"}],"predecessor-version":[{"id":950,"href":"https:\/\/bettbrasil.com.br\/2024\/wp-json\/wp\/v2\/pages\/463\/revisions\/950"}],"wp:attachment":[{"href":"https:\/\/bettbrasil.com.br\/2024\/wp-json\/wp\/v2\/media?parent=463"}],"curies":[{"name":"wp","href":"https:\/\/api.w.org\/{rel}","templated":true}]}}