{"id":663,"date":"2023-10-27T06:14:48","date_gmt":"2023-10-27T09:14:48","guid":{"rendered":"https:\/\/bettbrasil.agenciafreela.dev\/?page_id=663"},"modified":"2024-01-11T11:12:00","modified_gmt":"2024-01-11T14:12:00","slug":"forum-de-gestores","status":"publish","type":"page","link":"https:\/\/bettbrasil.com.br\/2024\/forum-de-gestores\/","title":{"rendered":"F\u00f3rum de Gestores"},"content":{"rendered":"\t<section class=\"section\" id=\"section_979152572\">\n\t\t<div class=\"bg section-bg fill bg-fill  bg-loaded\" >\n\n\t\t\t\n\t\t\t\n\t\t\t\n\n\t\t<\/div>\n\n\t\t\n\n\t\t<div class=\"section-content relative\">\n\t\t\t\n<div class=\"row row-collapse row-full-width align-center\"  id=\"row-1890971222\">\n\n\t<div id=\"col-1808778193\" class=\"col small-12 large-12\"  >\n\t\t\t\t<div class=\"col-inner\"  >\n\t\t\t\n\t\t\t\n\n<p style=\"margin-bottom:0;line-height: 0;\"><video loop width=\"100%\" height=\"100%\" autoplay=\"autoplay\" muted><source src=\"\/2024\/wp-content\/uploads\/2023\/10\/231014_BETT_BANNER_HOME-1.mp4\" type=\"video\/mp4\"><\/video><\/p>\n\n\t\t<\/div>\n\t\t\t\t\t<\/div>\n\n\t\n\n\t<div id=\"col-1990273550\" class=\"col col-negativo medium-6 small-12 large-6\"  >\n\t\t\t\t<div class=\"col-inner text-center\" style=\"background-color:rgba(0, 0, 0, 0.436);\" >\n\t\t\t\n\t\t\t\n\t<div id=\"text-1967952693\" class=\"text\">\n\t\t\n<h2>Uma comunidade colaborativa para Gestores discutirem os novos caminhos da Educa\u00e7\u00e3o B\u00e1sica. <\/h2>\n\t\t\n<style>\n#text-1967952693 {\n  font-size: 0.9rem;\n  text-align: center;\n  color: rgb(255,255,255);\n}\n#text-1967952693 > * {\n  color: rgb(255,255,255);\n}\n@media (min-width:550px) {\n  #text-1967952693 {\n    font-size: 1.1rem;\n  }\n}\n@media (min-width:850px) {\n  #text-1967952693 {\n    font-size: 1.6rem;\n  }\n}\n<\/style>\n\t<\/div>\n\t\n\t<div id=\"text-1562850033\" class=\"text\">\n\t\t\n<p><a href=\"#\" class=\"botao-sombra-verde\">Fa\u00e7a parte!<\/a><\/p>\n\t\t\n<style>\n#text-1562850033 {\n  font-size: 0.75rem;\n  text-align: center;\n}\n@media (min-width:550px) {\n  #text-1562850033 {\n    font-size: 1.65rem;\n  }\n}\n<\/style>\n\t<\/div>\n\t\n\t\t<\/div>\n\t\t\t\t\n<style>\n#col-1990273550 > .col-inner {\n  padding: 20px 20px 20px 20px;\n  margin: -154px 0px 0px 0px;\n}\n@media (min-width:550px) {\n  #col-1990273550 > .col-inner {\n    margin: -306px 0px 0px 0px;\n  }\n}\n<\/style>\n\t<\/div>\n\n\t\n<\/div>\n\t\t<\/div>\n\n\t\t\n<style>\n#section_979152572 {\n  padding-top: 0px;\n  padding-bottom: 0px;\n}\n#section_979152572 .ux-shape-divider--top svg {\n  height: 150px;\n  --divider-top-width: 100%;\n}\n#section_979152572 .ux-shape-divider--bottom svg {\n  height: 150px;\n  --divider-width: 100%;\n}\n<\/style>\n\t<\/section>\n\t\n\t<section class=\"section has-parallax\" id=\"section_309237030\">\n\t\t<div class=\"bg section-bg fill bg-fill  \" data-parallax-container=\".section\" data-parallax-background data-parallax=\"-6\">\n\n\t\t\t\n\t\t\t<div class=\"section-bg-overlay absolute fill\"><\/div>\n\t\t\t\n\n\t\t<\/div>\n\n\t\t\n\n\t\t<div class=\"section-content relative\">\n\t\t\t\n<div class=\"row\"  id=\"row-1953793101\">\n\n\t<div id=\"col-1901431717\" class=\"col small-12 large-12\"  data-animate=\"bounceInLeft\">\n\t\t\t\t<div class=\"col-inner\"  >\n\t\t\t\n\t\t\t\n\t<div id=\"gap-547954314\" class=\"gap-element clearfix\" style=\"display:block; height:auto;\">\n\t\t\n<style>\n#gap-547954314 {\n  padding-top: 54px;\n}\n<\/style>\n\t<\/div>\n\t\n<div class=\"row\"  id=\"row-1735287214\">\n\n\t<div id=\"col-319977031\" class=\"col medium-3 small-4 large-3\"  >\n\t\t\t\t<div class=\"col-inner\"  >\n\t\t\t\n\t\t\t\n\t<div id=\"text-3226944042\" class=\"text\">\n\t\t\n<p style=\"margin-bottom:0;\"> <strong class=\"counter\" data-count=\"700\">0<\/strong>+<\/p>\n\t\t\n<style>\n#text-3226944042 {\n  font-size: 2.3rem;\n  text-align: center;\n  color: rgb(122, 245, 176);\n}\n#text-3226944042 > * {\n  color: rgb(122, 245, 176);\n}\n@media (min-width:550px) {\n  #text-3226944042 {\n    font-size: 4rem;\n  }\n}\n<\/style>\n\t<\/div>\n\t\n\t<div id=\"text-1755587752\" class=\"text\">\n\t\t\n<p>Participantes<\/p>\n\t\t\n<style>\n#text-1755587752 {\n  text-align: center;\n  color: rgb(255,255,255);\n}\n#text-1755587752 > * {\n  color: rgb(255,255,255);\n}\n<\/style>\n\t<\/div>\n\t\n\t\t<\/div>\n\t\t\t\t\t<\/div>\n\n\t\n\n\t<div id=\"col-1872641366\" class=\"col medium-3 small-4 large-3\"  >\n\t\t\t\t<div class=\"col-inner\"  >\n\t\t\t\n\t\t\t\n\t<div id=\"text-3994387039\" class=\"text\">\n\t\t\n<p style=\"margin-bottom:0;\"> <strong class=\"counter\" data-count=\"30\">0<\/strong><\/p>\n\t\t\n<style>\n#text-3994387039 {\n  font-size: 2.3rem;\n  text-align: center;\n  color: rgb(122, 245, 176);\n}\n#text-3994387039 > * {\n  color: rgb(122, 245, 176);\n}\n@media (min-width:550px) {\n  #text-3994387039 {\n    font-size: 4rem;\n  }\n}\n<\/style>\n\t<\/div>\n\t\n\t<div id=\"text-2597496562\" class=\"text\">\n\t\t\n<p>Palestrantes<\/p>\n\t\t\n<style>\n#text-2597496562 {\n  text-align: center;\n  color: rgb(255,255,255);\n}\n#text-2597496562 > * {\n  color: rgb(255,255,255);\n}\n<\/style>\n\t<\/div>\n\t\n\t\t<\/div>\n\t\t\t\t\t<\/div>\n\n\t\n\n\t<div id=\"col-1933587014\" class=\"col medium-3 small-4 large-3\"  >\n\t\t\t\t<div class=\"col-inner\"  >\n\t\t\t\n\t\t\t\n\t<div id=\"text-1382413129\" class=\"text\">\n\t\t\n<p style=\"margin-bottom:0;\"> <strong class=\"counter\" data-count=\"16\">0<\/strong>+<\/p>\n\t\t\n<style>\n#text-1382413129 {\n  font-size: 2.3rem;\n  text-align: center;\n  color: rgb(122, 245, 176);\n}\n#text-1382413129 > * {\n  color: rgb(122, 245, 176);\n}\n@media (min-width:550px) {\n  #text-1382413129 {\n    font-size: 4rem;\n  }\n}\n<\/style>\n\t<\/div>\n\t\n\t<div id=\"text-3696030512\" class=\"text\">\n\t\t\n<p>Horas de conte\u00fado<\/p>\n\t\t\n<style>\n#text-3696030512 {\n  text-align: center;\n  color: rgb(255,255,255);\n}\n#text-3696030512 > * {\n  color: rgb(255,255,255);\n}\n<\/style>\n\t<\/div>\n\t\n\t\t<\/div>\n\t\t\t\t\t<\/div>\n\n\t\n\n\t<div id=\"col-630341368\" class=\"col medium-3 small-4 large-3\"  >\n\t\t\t\t<div class=\"col-inner\"  >\n\t\t\t\n\t\t\t\n\t<div id=\"text-572917493\" class=\"text\">\n\t\t\n<p style=\"margin-bottom:0;\"> <strong class=\"counter\" data-count=\"16\">0<\/strong><\/p>\n\t\t\n<style>\n#text-572917493 {\n  font-size: 2.3rem;\n  text-align: center;\n  color: rgb(122, 245, 176);\n}\n#text-572917493 > * {\n  color: rgb(122, 245, 176);\n}\n@media (min-width:550px) {\n  #text-572917493 {\n    font-size: 4rem;\n  }\n}\n<\/style>\n\t<\/div>\n\t\n\t<div id=\"text-1411181927\" class=\"text\">\n\t\t\n<p>Pain\u00e9is<\/p>\n\t\t\n<style>\n#text-1411181927 {\n  text-align: center;\n  color: rgb(255,255,255);\n}\n#text-1411181927 > * {\n  color: rgb(255,255,255);\n}\n<\/style>\n\t<\/div>\n\t\n\t\t<\/div>\n\t\t\t\t\t<\/div>\n\n\t\n<\/div>\n\t\t<\/div>\n\t\t\t\t\t<\/div>\n\n\t\n<\/div>\n\t\t<\/div>\n\n\t\t\n<style>\n#section_309237030 {\n  padding-top: 1px;\n  padding-bottom: 1px;\n  background-color: rgb(255, 59, 128);\n}\n#section_309237030 .section-bg-overlay {\n  background-color: rgba(0, 0, 0, 0.86);\n}\n#section_309237030 .section-bg.bg-loaded {\n  background-image: url(https:\/\/bettbrasil.com.br\/2024\/wp-content\/uploads\/2023\/10\/Foto_6.webp);\n}\n#section_309237030 .ux-shape-divider--top svg {\n  height: 150px;\n  --divider-top-width: 100%;\n}\n#section_309237030 .ux-shape-divider--bottom svg {\n  height: 150px;\n  --divider-width: 100%;\n}\n<\/style>\n\t<\/section>\n\t\n\t<section class=\"section\" id=\"section_1887290536\">\n\t\t<div class=\"bg section-bg fill bg-fill  bg-loaded\" >\n\n\t\t\t\n\t\t\t<div class=\"section-bg-overlay absolute fill\"><\/div>\n\t\t\t\n\n\t\t<\/div>\n\n\t\t\n\n\t\t<div class=\"section-content relative\">\n\t\t\t\n<div class=\"row align-middle align-center\"  id=\"row-647624032\">\n\n\t<div id=\"col-303593779\" class=\"col small-12 large-12\"  >\n\t\t\t\t<div class=\"col-inner text-center\"  >\n\t\t\t\n\t\t\t\n\t<div class=\"img has-hover x md-x lg-x y md-y lg-y\" id=\"image_741511745\">\n\t\t\t\t\t\t\t\t<div class=\"img-inner dark\" >\n\t\t\t<img loading=\"lazy\" decoding=\"async\" width=\"500\" height=\"500\" src=\"https:\/\/bettbrasil.com.br\/2024\/wp-content\/uploads\/2023\/10\/forum_gestores_logo3-removebg-preview.png\" class=\"attachment-large size-large\" alt=\"\" srcset=\"https:\/\/bettbrasil.com.br\/2024\/wp-content\/uploads\/2023\/10\/forum_gestores_logo3-removebg-preview.png 500w, https:\/\/bettbrasil.com.br\/2024\/wp-content\/uploads\/2023\/10\/forum_gestores_logo3-removebg-preview-300x300.png 300w, https:\/\/bettbrasil.com.br\/2024\/wp-content\/uploads\/2023\/10\/forum_gestores_logo3-removebg-preview-150x150.png 150w\" sizes=\"auto, (max-width: 500px) 100vw, 500px\" \/>\t\t\t\t\t\t\n\t\t\t\t\t<\/div>\n\t\t\t\t\t\t\t\t\n<style>\n#image_741511745 {\n  width: 30%;\n}\n<\/style>\n\t<\/div>\n\t\n\t\t<\/div>\n\t\t\t\t\t<\/div>\n\n\t\n\n\t<div id=\"col-439894020\" class=\"col medium-5 small-12 large-5\"  data-animate=\"bounceInLeft\">\n\t\t\t\t<div class=\"col-inner dark\"  >\n\t\t\t\n\t\t\t\n\t<div id=\"text-1684999995\" class=\"text\">\n\t\t\n<h2>F\u00f3rum de gestores<\/h2>\n\t\t\n<style>\n#text-1684999995 {\n  font-size: 1.65rem;\n  color: rgb(0,0,0);\n}\n#text-1684999995 > * {\n  color: rgb(0,0,0);\n}\n<\/style>\n\t<\/div>\n\t\n\t<div id=\"text-3939569467\" class=\"text\">\n\t\t\n<p>Durantes o 4 dias de evento, mantenedores e l\u00edderes de institui\u00e7\u00f5es de ensino privado e p\u00fablico da educa\u00e7\u00e3o b\u00e1sica de todo o Brasil, se encontram para conhecer e debater sobre as tend\u00eancias, inova\u00e7\u00f5es e solu\u00e7\u00f5es de tecnologia fundamental, e cases de sucesso de transforma\u00e7\u00e3o e boas pr\u00e1ticas de gest\u00e3o e lideran\u00e7a. Fa\u00e7a parte.\n<\/p>\n\t\t\n<style>\n#text-3939569467 {\n  color: rgb(55, 32, 119);\n}\n#text-3939569467 > * {\n  color: rgb(55, 32, 119);\n}\n<\/style>\n\t<\/div>\n\t\n<p><a class=\"botao-sombra-verde\" href=\"https:\/\/eventos.tmp.br\/bettbrasil2024\/shared\/tracking.php?cod=FGP&#038;tipo=gestoreso\">Inscreva-se<\/a><\/p>\n\t\t<\/div>\n\t\t\t\t\t<\/div>\n\n\t\n\n\t<div id=\"col-477991330\" class=\"col medium-7 small-12 large-7\"  data-animate=\"bounceInRight\">\n\t\t\t\t<div class=\"col-inner\"  >\n\t\t\t\n\t\t\t\n\t<div class=\"img has-hover x md-x lg-x y md-y lg-y\" id=\"image_1074354754\">\n\t\t\t\t\t\t\t\t<div class=\"img-inner image-cover dark\" style=\"padding-top:408px;\">\n\t\t\t<img loading=\"lazy\" decoding=\"async\" width=\"2560\" height=\"630\" src=\"https:\/\/bettbrasil.com.br\/2024\/wp-content\/uploads\/2023\/10\/Congresso_2s3-scaled.webp\" class=\"attachment-original size-original\" alt=\"\" srcset=\"https:\/\/bettbrasil.com.br\/2024\/wp-content\/uploads\/2023\/10\/Congresso_2s3-scaled.webp 2560w, https:\/\/bettbrasil.com.br\/2024\/wp-content\/uploads\/2023\/10\/Congresso_2s3-300x74.webp 300w, https:\/\/bettbrasil.com.br\/2024\/wp-content\/uploads\/2023\/10\/Congresso_2s3-1024x252.webp 1024w, https:\/\/bettbrasil.com.br\/2024\/wp-content\/uploads\/2023\/10\/Congresso_2s3-768x189.webp 768w, https:\/\/bettbrasil.com.br\/2024\/wp-content\/uploads\/2023\/10\/Congresso_2s3-1536x378.webp 1536w, https:\/\/bettbrasil.com.br\/2024\/wp-content\/uploads\/2023\/10\/Congresso_2s3-2048x504.webp 2048w, https:\/\/bettbrasil.com.br\/2024\/wp-content\/uploads\/2023\/10\/Congresso_2s3-1080x266.webp 1080w, https:\/\/bettbrasil.com.br\/2024\/wp-content\/uploads\/2023\/10\/Congresso_2s3-1280x315.webp 1280w, https:\/\/bettbrasil.com.br\/2024\/wp-content\/uploads\/2023\/10\/Congresso_2s3-980x241.webp 980w, https:\/\/bettbrasil.com.br\/2024\/wp-content\/uploads\/2023\/10\/Congresso_2s3-480x118.webp 480w\" sizes=\"auto, (max-width: 2560px) 100vw, 2560px\" \/>\t\t\t\t\t\t\n\t\t\t\t\t<\/div>\n\t\t\t\t\t\t\t\t\n<style>\n#image_1074354754 {\n  width: 100%;\n}\n<\/style>\n\t<\/div>\n\t\n\t\t<\/div>\n\t\t\t\t\t<\/div>\n\n\t\n\n\t<div id=\"col-1069610464\" class=\"col medium-4 small-12 large-4\"  >\n\t\t\t\t<div class=\"col-inner\"  >\n\t\t\t\n\t\t\t\n\t<div id=\"gap-1549313981\" class=\"gap-element clearfix\" style=\"display:block; height:auto;\">\n\t\t\n<style>\n#gap-1549313981 {\n  padding-top: 62px;\n}\n<\/style>\n\t<\/div>\n\t\n\t\t<\/div>\n\t\t\t\t\t<\/div>\n\n\t\n<\/div>\n\t\t<\/div>\n\n\t\t\n<style>\n#section_1887290536 {\n  padding-top: 0px;\n  padding-bottom: 0px;\n  background-color: rgb(255, 255, 255);\n}\n#section_1887290536 .section-bg-overlay {\n  background-color: rgba(255, 255, 255, 0.901);\n}\n#section_1887290536 .ux-shape-divider--top svg {\n  height: 150px;\n  --divider-top-width: 100%;\n}\n#section_1887290536 .ux-shape-divider--bottom svg {\n  height: 150px;\n  --divider-width: 100%;\n}\n<\/style>\n\t<\/section>\n\t\n\t<section class=\"section has-parallax\" id=\"section_1987487996\">\n\t\t<div class=\"bg section-bg fill bg-fill  \" data-parallax-container=\".section\" data-parallax-background data-parallax=\"-10\">\n\n\t\t\t\n\t\t\t<div class=\"section-bg-overlay absolute fill\"><\/div>\n\t\t\t\n\n\t\t<\/div>\n\n\t\t\n\n\t\t<div class=\"section-content relative\">\n\t\t\t\n<div class=\"row\"  id=\"row-762942337\">\n\n\t<div id=\"col-574463931\" class=\"col small-12 large-12\"  >\n\t\t\t\t<div class=\"col-inner\"  >\n\t\t\t\n\t\t\t\n\t<div id=\"text-3576460480\" class=\"text\">\n\t\t\n<h2>Tema central<\/h2>\n\t\t\n<style>\n#text-3576460480 {\n  font-size: 1.65rem;\n  color: rgb(122, 245, 176);\n}\n#text-3576460480 > * {\n  color: rgb(122, 245, 176);\n}\n<\/style>\n\t<\/div>\n\t\n\t<div id=\"text-4194161703\" class=\"text\">\n\t\t\n<h3 class=\"farnham\">Reconhecido como uma das principais atividades da Bett Brasil e<br \/>espa\u00e7o estrat\u00e9gico para debates, o F\u00f3rum de Gestores amplia sua abrang\u00eancia<br \/>passando a atuar como Comunidade para Gestores.<\/h3>\n\t\t\n<style>\n#text-4194161703 {\n  font-size: 1.35rem;\n  color: rgb(122, 245, 176);\n}\n#text-4194161703 > * {\n  color: rgb(122, 245, 176);\n}\n<\/style>\n\t<\/div>\n\t\n\t<div id=\"text-349676964\" class=\"text\">\n\t\t\n<p>Maior evento de Inova\u00e7\u00e3o e Tecnologia para Educa\u00e7\u00e3o na Am\u00e9rica Latina, a Bett Brasil realiza anualmente em seu principal evento o F\u00f3rum de Gestores, reconhecido com uma das atividades essenciais para o debate sobre gest\u00e3o educacional. J\u00e1 a partir de 2023, o F\u00f3rum de Gestores Bett Brasil passa a ter um novo formato a partir da cria\u00e7\u00e3o de um comit\u00ea para apoiar uma Comunidade permanente para Gestores Educacionais.<\/p>\n<p>Com o novo modelo, a proposta da Comunidade para Gestores \u00e9 reunir escolas e institui\u00e7\u00f5es particulares de todo o Brasil para debater os principais temas inerentes \u00e0 gest\u00e3o educacional com foco na Educa\u00e7\u00e3o B\u00e1sica.<\/p>\n\t\t\n<style>\n#text-349676964 {\n  color: rgb(255,255,255);\n}\n#text-349676964 > * {\n  color: rgb(255,255,255);\n}\n<\/style>\n\t<\/div>\n\t\n\t\t<\/div>\n\t\t\t\t\t<\/div>\n\n\t\n<\/div>\n\t\t<\/div>\n\n\t\t\n<style>\n#section_1987487996 {\n  padding-top: 67px;\n  padding-bottom: 67px;\n  background-color: rgb(55, 32, 119);\n}\n#section_1987487996 .section-bg-overlay {\n  background-color: rgba(55, 32, 119, 0.942);\n}\n#section_1987487996 .section-bg.bg-loaded {\n  background-image: url(https:\/\/bettbrasil.com.br\/2024\/wp-content\/uploads\/2023\/11\/congresso4324.jpg);\n}\n#section_1987487996 .section-bg {\n  background-position: 0% 33%;\n}\n#section_1987487996 .ux-shape-divider--top svg {\n  height: 150px;\n  --divider-top-width: 100%;\n}\n#section_1987487996 .ux-shape-divider--bottom svg {\n  height: 150px;\n  --divider-width: 100%;\n}\n<\/style>\n\t<\/section>\n\t\n\t<section class=\"section\" id=\"section_1312087174\">\n\t\t<div class=\"bg section-bg fill bg-fill  bg-loaded\" >\n\n\t\t\t\n\t\t\t\n\t\t\t\n\n\t\t<\/div>\n\n\t\t\t<div class=\"ux-shape-divider ux-shape-divider--top ux-shape-divider--style-arrow\">\n\t\t<svg viewBox=\"0 0 1000 100\" xmlns=\"http:\/\/www.w3.org\/2000\/svg\" preserveAspectRatio=\"none\">\n\t<path class=\"ux-shape-fill\" d=\"M1000 100H0L0 96H483L500 79L517 96H1000V100Z\"\/>\n<\/svg>\n\t<\/div>\n\n\n\t\t<div class=\"section-content relative\">\n\t\t\t\n<div class=\"row\"  id=\"row-1148750247\">\n\n\t<div id=\"col-893536787\" class=\"col small-12 large-12\"  data-animate=\"bounceInLeft\">\n\t\t\t\t<div class=\"col-inner text-center\"  >\n\t\t\t\n\t\t\t\n\t<div id=\"gap-602046974\" class=\"gap-element clearfix\" style=\"display:block; height:auto;\">\n\t\t\n<style>\n#gap-602046974 {\n  padding-top: 46px;\n}\n<\/style>\n\t<\/div>\n\t\n\t<div id=\"text-1597618175\" class=\"text\">\n\t\t\n<h2>D\u00ea um upgrade no seu acesso!<br \/>\n<\/h2>\n\t\t\n<style>\n#text-1597618175 {\n  font-size: 1.65rem;\n  text-align: center;\n  color: rgb(55, 32, 119);\n}\n#text-1597618175 > * {\n  color: rgb(55, 32, 119);\n}\n<\/style>\n\t<\/div>\n\t\n<div class=\"row row-collapse align-middle align-center\"  id=\"row-1392141448\">\n\n\t<div id=\"col-1378386340\" class=\"col medium-1 small-12 large-1\"  >\n\t\t\t\t<div class=\"col-inner\"  >\n\t\t\t\n\t\t\t\n\t\t<\/div>\n\t\t\t\t\t<\/div>\n\n\t\n\n\t<div id=\"col-696850146\" class=\"col medium-4 small-12 large-4\"  >\n\t\t\t\t<div class=\"col-inner\"  >\n\t\t\t\n\t\t\t\n<div class=\"pricing-table-wrapper\">\n  <div class=\"pricing-table ux_price_table text-center lotes-dias\">\n    <div class=\"pricing-table-header\">\n      <div class=\"title uppercase strong\">Title<\/div>\n      <div class=\"price is-xxlarge\">LOTES\/PRAZOS<\/div>\n          <\/div>\n    <div class=\"pricing-table-items items\">\n      \n<div class=\"bullet-item\" title=\"\"><span class=\"text\">30 NOV<\/span><\/div>\n<div class=\"bullet-item\" title=\"\"><span class=\"text\">31 JAN<\/span><\/div>\n<div class=\"bullet-item\" title=\"\"><span class=\"text\">29 FEV<\/span><\/div>\n<div class=\"bullet-item\" title=\"\"><span class=\"text\">29 MAR<\/span><\/div>\n<div class=\"bullet-item\" title=\"\"><span class=\"text\">A PARTIR DE 1 ABRIL<\/span><\/div>\n    <\/div>\n      <\/div>\n<\/div>\n\n\n\t\t<\/div>\n\t\t\t\t\t<\/div>\n\n\t\n\n\t<div id=\"col-929434301\" class=\"col medium-6 small-12 large-6\"  >\n\t\t\t\t<div class=\"col-inner\"  >\n\t\t\t\n\t\t\t\n<div class=\"pricing-table-wrapper\">\n  <div class=\"pricing-table ux_price_table text-center lotes-valores\">\n    <div class=\"pricing-table-header\">\n      <div class=\"title uppercase strong\">Title<\/div>\n      <div class=\"price is-xxlarge\">PACOTE 4 DIAS<\/div>\n          <\/div>\n    <div class=\"pricing-table-items items\">\n      \n<div class=\"bullet-item\" title=\"\"><span class=\"text\">R$ 1.271<\/span><\/div>\n<div class=\"bullet-item\" title=\"\"><span class=\"text\">R$ 1.362<\/span><\/div>\n<div class=\"bullet-item\" title=\"\"><span class=\"text\">R$ 1.452<\/span><\/div>\n<div class=\"bullet-item\" title=\"\"><span class=\"text\">R$ 1.731<\/span><\/div>\n<div class=\"bullet-item\" title=\"\"><span class=\"text\">R$ 2.057<\/span><\/div>\n    <\/div>\n      <\/div>\n<\/div>\n\n\n\t\t<\/div>\n\t\t\t\t\t<\/div>\n\n\t\n\n\t<div id=\"col-156045929\" class=\"col medium-1 small-12 large-1\"  >\n\t\t\t\t<div class=\"col-inner\"  >\n\t\t\t\n\t\t\t\n\t\t<\/div>\n\t\t\t\t\t<\/div>\n\n\t\n\n\t<div id=\"col-513005786\" class=\"col medium-6 small-12 large-12\"  >\n\t\t\t\t<div class=\"col-inner\"  >\n\t\t\t\n\t\t\t\n\t<div id=\"gap-1834334412\" class=\"gap-element clearfix\" style=\"display:block; height:auto;\">\n\t\t\n<style>\n#gap-1834334412 {\n  padding-top: 30px;\n}\n<\/style>\n\t<\/div>\n\t\n\t\t<\/div>\n\t\t\t\t\t<\/div>\n\n\t\n<\/div>\n\t\t<\/div>\n\t\t\t\t\t<\/div>\n\n\t\n<\/div>\n<div class=\"row align-middle align-center\"  id=\"row-842791671\">\n<\/div>\n\t<div id=\"text-331012255\" class=\"text\">\n\t\t\n<p><a class=\"botao-sombra-verde\" href=\"https:\/\/eventos.tmp.br\/bettbrasil2024\/shared\/tracking.php?cod=FGP&#038;tipo=gestores\">Inscreva-se agora mesmo!<\/a><\/p>\n\t\t\n<style>\n#text-331012255 {\n  text-align: center;\n}\n<\/style>\n\t<\/div>\n\t\n\t\t<\/div>\n\n\t\t\n<style>\n#section_1312087174 {\n  padding-top: 81px;\n  padding-bottom: 81px;\n  background-color: rgb(243, 243, 243);\n}\n#section_1312087174 .ux-shape-divider--top svg {\n  height: 202px;\n  --divider-top-width: 184%;\n}\n#section_1312087174 .ux-shape-divider--bottom svg {\n  height: 150px;\n  --divider-width: 100%;\n}\n<\/style>\n\t<\/section>\n\t\n\n\n\n<style>.lotes-valores .price {\n    background: #7af5b0;\n    box-shadow: 4px 4px 0px 0px #372077;\n    color: #382077;\n}\n.lotes-dias .price {\n    background: #382077;\n    color: #fff;\n    box-shadow: 4px 4px 0px 0px #7af5b0;\n}<\/style>\n\n","protected":false},"excerpt":{"rendered":"","protected":false},"author":4,"featured_media":0,"parent":0,"menu_order":0,"comment_status":"closed","ping_status":"closed","template":"page-blank.php","meta":{"footnotes":""},"class_list":["post-663","page","type-page","status-publish","hentry"],"_links":{"self":[{"href":"https:\/\/bettbrasil.com.br\/2024\/wp-json\/wp\/v2\/pages\/663","targetHints":{"allow":["GET"]}}],"collection":[{"href":"https:\/\/bettbrasil.com.br\/2024\/wp-json\/wp\/v2\/pages"}],"about":[{"href":"https:\/\/bettbrasil.com.br\/2024\/wp-json\/wp\/v2\/types\/page"}],"author":[{"embeddable":true,"href":"https:\/\/bettbrasil.com.br\/2024\/wp-json\/wp\/v2\/users\/4"}],"replies":[{"embeddable":true,"href":"https:\/\/bettbrasil.com.br\/2024\/wp-json\/wp\/v2\/comments?post=663"}],"version-history":[{"count":22,"href":"https:\/\/bettbrasil.com.br\/2024\/wp-json\/wp\/v2\/pages\/663\/revisions"}],"predecessor-version":[{"id":947,"href":"https:\/\/bettbrasil.com.br\/2024\/wp-json\/wp\/v2\/pages\/663\/revisions\/947"}],"wp:attachment":[{"href":"https:\/\/bettbrasil.com.br\/2024\/wp-json\/wp\/v2\/media?parent=663"}],"curies":[{"name":"wp","href":"https:\/\/api.w.org\/{rel}","templated":true}]}}